{"id":227,"date":"2024-07-17T22:12:21","date_gmt":"2024-07-17T22:12:21","guid":{"rendered":"https:\/\/mich.ahvmeene.com\/?page_id=227"},"modified":"2026-04-05T13:20:18","modified_gmt":"2026-04-05T13:20:18","slug":"other-texts","status":"publish","type":"page","link":"https:\/\/www.writerspeak.org\/index.php\/other-texts\/","title":{"rendered":"Other Texts"},"content":{"rendered":"\n<div class=\"wp-block-group has-global-padding is-layout-constrained wp-block-group-is-layout-constrained\" style=\"padding-top:5rem\">\n<div class=\"wp-block-columns is-layout-flex wp-container-core-columns-is-layout-28f84493 wp-block-columns-is-layout-flex\">\n<div class=\"wp-block-column is-layout-flow wp-block-column-is-layout-flow\">\n<figure class=\"wp-block-image size-large\"><a href=\"https:\/\/www.writerspeak.org\/index.php\/2024\/07\/20\/epifania-del-valor-de-mercado\/\"><img loading=\"lazy\" decoding=\"async\" width=\"642\" height=\"1024\" src=\"https:\/\/www.writerspeak.org\/wp-content\/uploads\/2025\/10\/Permiso-642x1024.jpg\" alt=\"\" class=\"wp-image-924\" srcset=\"https:\/\/www.writerspeak.org\/wp-content\/uploads\/2025\/10\/Permiso-642x1024.jpg 642w, https:\/\/www.writerspeak.org\/wp-content\/uploads\/2025\/10\/Permiso-188x300.jpg 188w, https:\/\/www.writerspeak.org\/wp-content\/uploads\/2025\/10\/Permiso-768x1226.jpg 768w, https:\/\/www.writerspeak.org\/wp-content\/uploads\/2025\/10\/Permiso-963x1536.jpg 963w, https:\/\/www.writerspeak.org\/wp-content\/uploads\/2025\/10\/Permiso-1283x2048.jpg 1283w, https:\/\/www.writerspeak.org\/wp-content\/uploads\/2025\/10\/Permiso.jpg 1410w\" sizes=\"auto, (max-width: 642px) 100vw, 642px\" \/><\/a><\/figure>\n\n\n\n<p class=\"has-text-align-center\"><a href=\"https:\/\/writerspeak.org\/index.php\/2024\/07\/20\/epifania-del-valor-de-mercado\/\" data-type=\"post\" data-id=\"237\"><strong>Epifan\u00eda del Valor de Mercado<\/strong><\/a><\/p>\n<\/div>\n\n\n\n<div class=\"wp-block-column is-layout-flow wp-block-column-is-layout-flow\">\n<figure class=\"wp-block-image size-large\"><a href=\"https:\/\/www.writerspeak.org\/index.php\/2025\/03\/03\/whos-crying-now\/\"><img loading=\"lazy\" decoding=\"async\" width=\"642\" height=\"1024\" src=\"https:\/\/www.writerspeak.org\/wp-content\/uploads\/2025\/03\/Whos-crying-now-642x1024.png\" alt=\"\" class=\"wp-image-754\" srcset=\"https:\/\/www.writerspeak.org\/wp-content\/uploads\/2025\/03\/Whos-crying-now-642x1024.png 642w, https:\/\/www.writerspeak.org\/wp-content\/uploads\/2025\/03\/Whos-crying-now-188x300.png 188w, https:\/\/www.writerspeak.org\/wp-content\/uploads\/2025\/03\/Whos-crying-now-768x1226.png 768w, https:\/\/www.writerspeak.org\/wp-content\/uploads\/2025\/03\/Whos-crying-now-963x1536.png 963w, https:\/\/www.writerspeak.org\/wp-content\/uploads\/2025\/03\/Whos-crying-now-1283x2048.png 1283w, https:\/\/www.writerspeak.org\/wp-content\/uploads\/2025\/03\/Whos-crying-now.png 1410w\" sizes=\"auto, (max-width: 642px) 100vw, 642px\" \/><\/a><\/figure>\n\n\n\n<p class=\"has-text-align-center\"><a href=\"https:\/\/www.writerspeak.org\/index.php\/2025\/03\/03\/whos-crying-now\/\"><strong>Who&#8217;s Crying Now?<\/strong><\/a><\/p>\n<\/div>\n\n\n\n<div class=\"wp-block-column is-layout-flow wp-block-column-is-layout-flow\">\n<figure class=\"wp-block-image size-large\"><a href=\"https:\/\/www.writerspeak.org\/index.php\/2024\/07\/20\/la-primavera-de-los-llantos\/\"><img loading=\"lazy\" decoding=\"async\" width=\"642\" height=\"1024\" src=\"https:\/\/writerspeak.org\/wp-content\/uploads\/2024\/07\/Lapp-642x1024.jpg\" alt=\"\" class=\"wp-image-269\" srcset=\"https:\/\/www.writerspeak.org\/wp-content\/uploads\/2024\/07\/Lapp-642x1024.jpg 642w, https:\/\/www.writerspeak.org\/wp-content\/uploads\/2024\/07\/Lapp-188x300.jpg 188w, https:\/\/www.writerspeak.org\/wp-content\/uploads\/2024\/07\/Lapp-768x1226.jpg 768w, https:\/\/www.writerspeak.org\/wp-content\/uploads\/2024\/07\/Lapp-963x1536.jpg 963w, https:\/\/www.writerspeak.org\/wp-content\/uploads\/2024\/07\/Lapp-1283x2048.jpg 1283w, https:\/\/www.writerspeak.org\/wp-content\/uploads\/2024\/07\/Lapp.jpg 1410w\" sizes=\"auto, (max-width: 642px) 100vw, 642px\" \/><\/a><\/figure>\n\n\n\n<p class=\"has-text-align-center\"><a href=\"https:\/\/writerspeak.org\/index.php\/2024\/07\/20\/la-primavera-de-los-llantos\/\" data-type=\"post\" data-id=\"252\"><strong>La Primavera de los Llantos<\/strong><\/a><\/p>\n<\/div>\n<\/div>\n\n\n\n<div class=\"wp-block-columns is-layout-flex wp-container-core-columns-is-layout-28f84493 wp-block-columns-is-layout-flex\">\n<div class=\"wp-block-column is-layout-flow wp-block-column-is-layout-flow\">\n<figure class=\"wp-block-gallery has-nested-images columns-default is-cropped wp-block-gallery-1 is-layout-flex wp-block-gallery-is-layout-flex\">\n<figure class=\"wp-block-image size-large\"><a href=\"https:\/\/www.writerspeak.org\/index.php\/2026\/04\/05\/prototype\/\"><img loading=\"lazy\" decoding=\"async\" width=\"642\" height=\"1024\" data-id=\"997\" src=\"https:\/\/www.writerspeak.org\/wp-content\/uploads\/2026\/04\/prototype-1-642x1024.png\" alt=\"\" class=\"wp-image-997\" srcset=\"https:\/\/www.writerspeak.org\/wp-content\/uploads\/2026\/04\/prototype-1-642x1024.png 642w, https:\/\/www.writerspeak.org\/wp-content\/uploads\/2026\/04\/prototype-1-188x300.png 188w, https:\/\/www.writerspeak.org\/wp-content\/uploads\/2026\/04\/prototype-1-768x1226.png 768w, https:\/\/www.writerspeak.org\/wp-content\/uploads\/2026\/04\/prototype-1-963x1536.png 963w, https:\/\/www.writerspeak.org\/wp-content\/uploads\/2026\/04\/prototype-1-1283x2048.png 1283w, https:\/\/www.writerspeak.org\/wp-content\/uploads\/2026\/04\/prototype-1.png 1410w\" sizes=\"auto, (max-width: 642px) 100vw, 642px\" \/><\/a><\/figure>\n<\/figure>\n\n\n\n<p class=\"has-text-align-center\"><strong><a href=\"https:\/\/www.writerspeak.org\/index.php\/2026\/04\/05\/prototype\/\" data-type=\"post\" data-id=\"993\">PROTOTYPE<\/a><\/strong><\/p>\n<\/div>\n\n\n\n<div class=\"wp-block-column is-layout-flow wp-block-column-is-layout-flow\">\n<figure class=\"wp-block-image size-large\"><a href=\"https:\/\/www.writerspeak.org\/index.php\/2025\/02\/23\/caida-libre\/\"><img loading=\"lazy\" decoding=\"async\" width=\"642\" height=\"1024\" src=\"https:\/\/www.writerspeak.org\/wp-content\/uploads\/2025\/02\/caida-libre-642x1024.png\" alt=\"\" class=\"wp-image-728\" srcset=\"https:\/\/www.writerspeak.org\/wp-content\/uploads\/2025\/02\/caida-libre-642x1024.png 642w, https:\/\/www.writerspeak.org\/wp-content\/uploads\/2025\/02\/caida-libre-188x300.png 188w, https:\/\/www.writerspeak.org\/wp-content\/uploads\/2025\/02\/caida-libre-768x1226.png 768w, https:\/\/www.writerspeak.org\/wp-content\/uploads\/2025\/02\/caida-libre-963x1536.png 963w, https:\/\/www.writerspeak.org\/wp-content\/uploads\/2025\/02\/caida-libre-1283x2048.png 1283w, https:\/\/www.writerspeak.org\/wp-content\/uploads\/2025\/02\/caida-libre.png 1410w\" sizes=\"auto, (max-width: 642px) 100vw, 642px\" \/><\/a><\/figure>\n\n\n\n<p class=\"has-text-align-center\"><a href=\"https:\/\/www.writerspeak.org\/index.php\/2025\/02\/23\/caida-libre\/\"><strong>Ca\u00edda Libre<\/strong><\/a><\/p>\n<\/div>\n\n\n\n<div class=\"wp-block-column is-layout-flow wp-block-column-is-layout-flow\">\n<figure class=\"wp-block-image size-large\"><a href=\"https:\/\/www.writerspeak.org\/index.php\/2026\/03\/10\/venus\/\"><img loading=\"lazy\" decoding=\"async\" width=\"642\" height=\"1024\" src=\"https:\/\/www.writerspeak.org\/wp-content\/uploads\/2026\/03\/venus-1-642x1024.png\" alt=\"\" class=\"wp-image-984\" srcset=\"https:\/\/www.writerspeak.org\/wp-content\/uploads\/2026\/03\/venus-1-642x1024.png 642w, https:\/\/www.writerspeak.org\/wp-content\/uploads\/2026\/03\/venus-1-188x300.png 188w, https:\/\/www.writerspeak.org\/wp-content\/uploads\/2026\/03\/venus-1-768x1226.png 768w, https:\/\/www.writerspeak.org\/wp-content\/uploads\/2026\/03\/venus-1-963x1536.png 963w, https:\/\/www.writerspeak.org\/wp-content\/uploads\/2026\/03\/venus-1-1283x2048.png 1283w, https:\/\/www.writerspeak.org\/wp-content\/uploads\/2026\/03\/venus-1.png 1410w\" sizes=\"auto, (max-width: 642px) 100vw, 642px\" \/><\/a><\/figure>\n\n\n\n<p class=\"has-text-align-center\"><a href=\"https:\/\/www.writerspeak.org\/index.php\/2026\/03\/10\/venus\/\" data-type=\"post\" data-id=\"986\"><strong>VENUS<\/strong><\/a><\/p>\n<\/div>\n<\/div>\n<\/div>\n\n\n\n<div class=\"wp-block-columns is-layout-flex wp-container-core-columns-is-layout-28f84493 wp-block-columns-is-layout-flex\">\n<div class=\"wp-block-column is-layout-flow wp-block-column-is-layout-flow\">\n<figure class=\"wp-block-gallery has-nested-images columns-default is-cropped wp-block-gallery-2 is-layout-flex wp-block-gallery-is-layout-flex\">\n<figure class=\"wp-block-image size-large\"><img loading=\"lazy\" decoding=\"async\" width=\"642\" height=\"1024\" data-id=\"982\" src=\"https:\/\/www.writerspeak.org\/wp-content\/uploads\/2026\/03\/derivaa-642x1024.jpg\" alt=\"\" class=\"wp-image-982\" srcset=\"https:\/\/www.writerspeak.org\/wp-content\/uploads\/2026\/03\/derivaa-642x1024.jpg 642w, https:\/\/www.writerspeak.org\/wp-content\/uploads\/2026\/03\/derivaa-188x300.jpg 188w, https:\/\/www.writerspeak.org\/wp-content\/uploads\/2026\/03\/derivaa-768x1226.jpg 768w, https:\/\/www.writerspeak.org\/wp-content\/uploads\/2026\/03\/derivaa-963x1536.jpg 963w, https:\/\/www.writerspeak.org\/wp-content\/uploads\/2026\/03\/derivaa-1283x2048.jpg 1283w, https:\/\/www.writerspeak.org\/wp-content\/uploads\/2026\/03\/derivaa.jpg 1410w\" sizes=\"auto, (max-width: 642px) 100vw, 642px\" \/><\/figure>\n<\/figure>\n\n\n\n<p class=\"has-text-align-center\"><a href=\"https:\/\/www.writerspeak.org\/index.php\/2025\/10\/28\/a-la-deriva\/\" data-type=\"post\" data-id=\"936\"><strong>A La Deriva<\/strong><\/a><\/p>\n<\/div>\n\n\n\n<div class=\"wp-block-column is-layout-flow wp-block-column-is-layout-flow\">\n<figure class=\"wp-block-image size-large\"><a href=\"https:\/\/www.writerspeak.org\/index.php\/2025\/05\/15\/suenos-rotos\/\"><img loading=\"lazy\" decoding=\"async\" width=\"642\" height=\"1024\" src=\"https:\/\/www.writerspeak.org\/wp-content\/uploads\/2025\/05\/Suenos-Rotos-1-642x1024.png\" alt=\"\" class=\"wp-image-826\" srcset=\"https:\/\/www.writerspeak.org\/wp-content\/uploads\/2025\/05\/Suenos-Rotos-1-642x1024.png 642w, https:\/\/www.writerspeak.org\/wp-content\/uploads\/2025\/05\/Suenos-Rotos-1-188x300.png 188w, https:\/\/www.writerspeak.org\/wp-content\/uploads\/2025\/05\/Suenos-Rotos-1-768x1226.png 768w, https:\/\/www.writerspeak.org\/wp-content\/uploads\/2025\/05\/Suenos-Rotos-1-963x1536.png 963w, https:\/\/www.writerspeak.org\/wp-content\/uploads\/2025\/05\/Suenos-Rotos-1.png 1410w\" sizes=\"auto, (max-width: 642px) 100vw, 642px\" \/><\/a><\/figure>\n\n\n\n<p class=\"has-text-align-center\"><a href=\"https:\/\/www.writerspeak.org\/index.php\/2025\/05\/15\/suenos-rotos\/\"><strong>Sue\u00f1os Rotos<\/strong><\/a><\/p>\n<\/div>\n\n\n\n<div class=\"wp-block-column is-layout-flow wp-block-column-is-layout-flow\">\n<figure class=\"wp-block-gallery has-nested-images columns-default is-cropped wp-block-gallery-3 is-layout-flex wp-block-gallery-is-layout-flex\">\n<figure class=\"wp-block-image size-large\"><a href=\"https:\/\/www.writerspeak.org\/index.php\/2024\/08\/09\/wonderer\/\"><img loading=\"lazy\" decoding=\"async\" width=\"642\" height=\"1024\" data-id=\"436\" src=\"https:\/\/www.writerspeak.org\/wp-content\/uploads\/2024\/08\/derer-642x1024.jpg\" alt=\"\" class=\"wp-image-436\" srcset=\"https:\/\/www.writerspeak.org\/wp-content\/uploads\/2024\/08\/derer-642x1024.jpg 642w, https:\/\/www.writerspeak.org\/wp-content\/uploads\/2024\/08\/derer-188x300.jpg 188w, https:\/\/www.writerspeak.org\/wp-content\/uploads\/2024\/08\/derer-768x1226.jpg 768w, https:\/\/www.writerspeak.org\/wp-content\/uploads\/2024\/08\/derer-963x1536.jpg 963w, https:\/\/www.writerspeak.org\/wp-content\/uploads\/2024\/08\/derer-1283x2048.jpg 1283w, https:\/\/www.writerspeak.org\/wp-content\/uploads\/2024\/08\/derer.jpg 1410w\" sizes=\"auto, (max-width: 642px) 100vw, 642px\" \/><\/a><\/figure>\n<\/figure>\n\n\n\n<p class=\"has-text-align-center\"><strong><a href=\"https:\/\/www.writerspeak.org\/index.php\/2024\/08\/09\/wonderer\/\">Wonderer<\/a><\/strong><\/p>\n<\/div>\n<\/div>\n\n\n\n<div class=\"wp-block-columns is-layout-flex wp-container-core-columns-is-layout-28f84493 wp-block-columns-is-layout-flex\">\n<div class=\"wp-block-column is-layout-flow wp-block-column-is-layout-flow\">\n<figure class=\"wp-block-image size-large\"><a href=\"https:\/\/www.writerspeak.org\/index.php\/2024\/11\/21\/not-van-gogh\/\"><img loading=\"lazy\" decoding=\"async\" width=\"642\" height=\"1024\" src=\"https:\/\/www.writerspeak.org\/wp-content\/uploads\/2024\/11\/Not-Van-Gogh-2-642x1024.jpg\" alt=\"\" class=\"wp-image-690\" srcset=\"https:\/\/www.writerspeak.org\/wp-content\/uploads\/2024\/11\/Not-Van-Gogh-2-642x1024.jpg 642w, https:\/\/www.writerspeak.org\/wp-content\/uploads\/2024\/11\/Not-Van-Gogh-2-188x300.jpg 188w, https:\/\/www.writerspeak.org\/wp-content\/uploads\/2024\/11\/Not-Van-Gogh-2-768x1226.jpg 768w, https:\/\/www.writerspeak.org\/wp-content\/uploads\/2024\/11\/Not-Van-Gogh-2-963x1536.jpg 963w, https:\/\/www.writerspeak.org\/wp-content\/uploads\/2024\/11\/Not-Van-Gogh-2-1283x2048.jpg 1283w, https:\/\/www.writerspeak.org\/wp-content\/uploads\/2024\/11\/Not-Van-Gogh-2.jpg 1410w\" sizes=\"auto, (max-width: 642px) 100vw, 642px\" \/><\/a><\/figure>\n\n\n\n<p class=\"has-text-align-center\"><a href=\"https:\/\/www.writerspeak.org\/index.php\/2024\/11\/21\/not-van-gogh\/\"><strong>NOT Van Gogh<\/strong><\/a><\/p>\n<\/div>\n\n\n\n<div class=\"wp-block-column is-layout-flow wp-block-column-is-layout-flow\">\n<figure class=\"wp-block-image size-large\"><a href=\"https:\/\/www.writerspeak.org\/index.php\/2024\/08\/10\/wonderland\/\"><img loading=\"lazy\" decoding=\"async\" width=\"642\" height=\"1024\" src=\"https:\/\/www.writerspeak.org\/wp-content\/uploads\/2025\/05\/Wonderland-642x1024.png\" alt=\"\" class=\"wp-image-832\" srcset=\"https:\/\/www.writerspeak.org\/wp-content\/uploads\/2025\/05\/Wonderland-642x1024.png 642w, https:\/\/www.writerspeak.org\/wp-content\/uploads\/2025\/05\/Wonderland-188x300.png 188w, https:\/\/www.writerspeak.org\/wp-content\/uploads\/2025\/05\/Wonderland-768x1226.png 768w, https:\/\/www.writerspeak.org\/wp-content\/uploads\/2025\/05\/Wonderland.png 1410w\" sizes=\"auto, (max-width: 642px) 100vw, 642px\" \/><\/a><\/figure>\n\n\n\n<p class=\"has-text-align-center\"><a href=\"https:\/\/www.writerspeak.org\/index.php\/2024\/08\/10\/wonderland\/\"><strong>Wonderland<\/strong><\/a><\/p>\n<\/div>\n\n\n\n<div class=\"wp-block-column is-layout-flow wp-block-column-is-layout-flow\">\n<figure class=\"wp-block-gallery has-nested-images columns-default is-cropped wp-block-gallery-4 is-layout-flex wp-block-gallery-is-layout-flex\">\n<figure class=\"wp-block-image size-large\"><a href=\"https:\/\/www.writerspeak.org\/index.php\/2025\/04\/01\/anatomia-de-un-todo\/\"><img loading=\"lazy\" decoding=\"async\" width=\"642\" height=\"1024\" data-id=\"766\" src=\"https:\/\/www.writerspeak.org\/wp-content\/uploads\/2025\/04\/Anatomia-de-un-Todo-642x1024.png\" alt=\"\" class=\"wp-image-766\" srcset=\"https:\/\/www.writerspeak.org\/wp-content\/uploads\/2025\/04\/Anatomia-de-un-Todo-642x1024.png 642w, https:\/\/www.writerspeak.org\/wp-content\/uploads\/2025\/04\/Anatomia-de-un-Todo-188x300.png 188w, https:\/\/www.writerspeak.org\/wp-content\/uploads\/2025\/04\/Anatomia-de-un-Todo-768x1226.png 768w, https:\/\/www.writerspeak.org\/wp-content\/uploads\/2025\/04\/Anatomia-de-un-Todo-963x1536.png 963w, https:\/\/www.writerspeak.org\/wp-content\/uploads\/2025\/04\/Anatomia-de-un-Todo-1283x2048.png 1283w, https:\/\/www.writerspeak.org\/wp-content\/uploads\/2025\/04\/Anatomia-de-un-Todo.png 1410w\" sizes=\"auto, (max-width: 642px) 100vw, 642px\" \/><\/a><\/figure>\n<\/figure>\n\n\n\n<p class=\"has-text-align-center\"><a href=\"https:\/\/www.writerspeak.org\/index.php\/2025\/04\/01\/anatomia-de-un-todo\/\"><strong>Anatom\u00eda de Un Todo<\/strong><\/a><\/p>\n<\/div>\n<\/div>\n\n\n\n<div class=\"wp-block-columns is-layout-flex wp-container-core-columns-is-layout-28f84493 wp-block-columns-is-layout-flex\">\n<div class=\"wp-block-column is-layout-flow wp-block-column-is-layout-flow\">\n<figure class=\"wp-block-gallery has-nested-images columns-default is-cropped wp-block-gallery-5 is-layout-flex wp-block-gallery-is-layout-flex\">\n<figure class=\"wp-block-image size-large\"><a href=\"https:\/\/www.writerspeak.org\/index.php\/2024\/08\/26\/no-quiero-flores\/\"><img loading=\"lazy\" decoding=\"async\" width=\"642\" height=\"1024\" data-id=\"639\" src=\"https:\/\/www.writerspeak.org\/wp-content\/uploads\/2024\/08\/no-quiero-flores-642x1024.jpg\" alt=\"\" class=\"wp-image-639\" srcset=\"https:\/\/www.writerspeak.org\/wp-content\/uploads\/2024\/08\/no-quiero-flores-642x1024.jpg 642w, https:\/\/www.writerspeak.org\/wp-content\/uploads\/2024\/08\/no-quiero-flores-188x300.jpg 188w, https:\/\/www.writerspeak.org\/wp-content\/uploads\/2024\/08\/no-quiero-flores-768x1226.jpg 768w, https:\/\/www.writerspeak.org\/wp-content\/uploads\/2024\/08\/no-quiero-flores-963x1536.jpg 963w, https:\/\/www.writerspeak.org\/wp-content\/uploads\/2024\/08\/no-quiero-flores-1283x2048.jpg 1283w, https:\/\/www.writerspeak.org\/wp-content\/uploads\/2024\/08\/no-quiero-flores.jpg 1410w\" sizes=\"auto, (max-width: 642px) 100vw, 642px\" \/><\/a><\/figure>\n<\/figure>\n\n\n\n<p class=\"has-text-align-center\"><a href=\"https:\/\/www.writerspeak.org\/index.php\/2024\/08\/26\/no-quiero-flores\/\" data-type=\"post\" data-id=\"637\"><strong>No Quiero Flores<\/strong><\/a><\/p>\n<\/div>\n\n\n\n<div class=\"wp-block-column is-layout-flow wp-block-column-is-layout-flow\">\n<figure class=\"wp-block-image size-large\"><a href=\"https:\/\/www.writerspeak.org\/index.php\/2025\/06\/01\/game-over\/\"><img loading=\"lazy\" decoding=\"async\" width=\"642\" height=\"1024\" src=\"https:\/\/www.writerspeak.org\/wp-content\/uploads\/2026\/03\/gameover-642x1024.png\" alt=\"\" class=\"wp-image-991\" srcset=\"https:\/\/www.writerspeak.org\/wp-content\/uploads\/2026\/03\/gameover-642x1024.png 642w, https:\/\/www.writerspeak.org\/wp-content\/uploads\/2026\/03\/gameover-188x300.png 188w, https:\/\/www.writerspeak.org\/wp-content\/uploads\/2026\/03\/gameover-768x1226.png 768w, https:\/\/www.writerspeak.org\/wp-content\/uploads\/2026\/03\/gameover-963x1536.png 963w, https:\/\/www.writerspeak.org\/wp-content\/uploads\/2026\/03\/gameover-1283x2048.png 1283w, https:\/\/www.writerspeak.org\/wp-content\/uploads\/2026\/03\/gameover.png 1410w\" sizes=\"auto, (max-width: 642px) 100vw, 642px\" \/><\/a><\/figure>\n\n\n\n<p class=\"has-text-align-center\"><a href=\"https:\/\/www.writerspeak.org\/index.php\/2025\/06\/01\/game-over\/\"><strong>Game Over<\/strong><\/a><\/p>\n<\/div>\n\n\n\n<div class=\"wp-block-column is-layout-flow wp-block-column-is-layout-flow\">\n<figure class=\"wp-block-image size-large\"><a href=\"https:\/\/www.writerspeak.org\/index.php\/2024\/11\/25\/noviembre-25\/\"><img loading=\"lazy\" decoding=\"async\" width=\"642\" height=\"1024\" src=\"https:\/\/www.writerspeak.org\/wp-content\/uploads\/2024\/11\/nov-25-642x1024.jpg\" alt=\"\" class=\"wp-image-696\" srcset=\"https:\/\/www.writerspeak.org\/wp-content\/uploads\/2024\/11\/nov-25-642x1024.jpg 642w, https:\/\/www.writerspeak.org\/wp-content\/uploads\/2024\/11\/nov-25-188x300.jpg 188w, https:\/\/www.writerspeak.org\/wp-content\/uploads\/2024\/11\/nov-25-768x1226.jpg 768w, https:\/\/www.writerspeak.org\/wp-content\/uploads\/2024\/11\/nov-25-963x1536.jpg 963w, https:\/\/www.writerspeak.org\/wp-content\/uploads\/2024\/11\/nov-25-1283x2048.jpg 1283w, https:\/\/www.writerspeak.org\/wp-content\/uploads\/2024\/11\/nov-25.jpg 1410w\" sizes=\"auto, (max-width: 642px) 100vw, 642px\" \/><\/a><\/figure>\n\n\n\n<p class=\"has-text-align-center\"><a href=\"https:\/\/www.writerspeak.org\/index.php\/2024\/11\/25\/noviembre-25\/\"><strong>Noviembre 25<\/strong><\/a><\/p>\n<\/div>\n<\/div>\n\n\n\n<div class=\"wp-block-columns is-layout-flex wp-container-core-columns-is-layout-28f84493 wp-block-columns-is-layout-flex\">\n<div class=\"wp-block-column is-layout-flow wp-block-column-is-layout-flow\">\n<figure class=\"wp-block-gallery has-nested-images columns-default is-cropped wp-block-gallery-6 is-layout-flex wp-block-gallery-is-layout-flex\">\n<figure class=\"wp-block-image size-large\"><img loading=\"lazy\" decoding=\"async\" width=\"642\" height=\"1024\" data-id=\"245\" src=\"https:\/\/www.writerspeak.org\/wp-content\/uploads\/2024\/07\/El-Arte-de-lo-Real-642x1024.jpg\" alt=\"\" class=\"wp-image-245\" srcset=\"https:\/\/www.writerspeak.org\/wp-content\/uploads\/2024\/07\/El-Arte-de-lo-Real-642x1024.jpg 642w, https:\/\/www.writerspeak.org\/wp-content\/uploads\/2024\/07\/El-Arte-de-lo-Real-188x300.jpg 188w, https:\/\/www.writerspeak.org\/wp-content\/uploads\/2024\/07\/El-Arte-de-lo-Real-768x1226.jpg 768w, https:\/\/www.writerspeak.org\/wp-content\/uploads\/2024\/07\/El-Arte-de-lo-Real-963x1536.jpg 963w, https:\/\/www.writerspeak.org\/wp-content\/uploads\/2024\/07\/El-Arte-de-lo-Real-1283x2048.jpg 1283w, https:\/\/www.writerspeak.org\/wp-content\/uploads\/2024\/07\/El-Arte-de-lo-Real.jpg 1410w\" sizes=\"auto, (max-width: 642px) 100vw, 642px\" \/><\/figure>\n<\/figure>\n\n\n\n<p class=\"has-text-align-center\"><a href=\"https:\/\/writerspeak.org\/index.php\/2024\/07\/20\/el-arte-de-lo-real\/\" data-type=\"post\" data-id=\"247\"><strong>El Arte de lo Real<\/strong><\/a><\/p>\n<\/div>\n\n\n\n<div class=\"wp-block-column is-layout-flow wp-block-column-is-layout-flow\">\n<p class=\"has-text-align-center\"><\/p>\n<\/div>\n\n\n\n<div class=\"wp-block-column is-layout-flow wp-block-column-is-layout-flow\">\n<p class=\"has-text-align-center\"><\/p>\n<\/div>\n<\/div>\n\n\n\n<p><\/p>\n","protected":false},"excerpt":{"rendered":"<p>Epifan\u00eda del Valor de Mercado Who&#8217;s Crying Now? La Primavera de los Llantos PROTOTYPE Ca\u00edda Libre VENUS A La Deriva Sue\u00f1os Rotos Wonderer NOT Van Gogh Wonderland Anatom\u00eda de Un Todo No Quiero Flores Game Over Noviembre 25 El Arte de lo Real<\/p>\n","protected":false},"author":3,"featured_media":924,"parent":0,"menu_order":0,"comment_status":"closed","ping_status":"closed","template":"","meta":{"footnotes":""},"class_list":["post-227","page","type-page","status-publish","has-post-thumbnail","hentry"],"_links":{"self":[{"href":"https:\/\/www.writerspeak.org\/index.php\/wp-json\/wp\/v2\/pages\/227","targetHints":{"allow":["GET"]}}],"collection":[{"href":"https:\/\/www.writerspeak.org\/index.php\/wp-json\/wp\/v2\/pages"}],"about":[{"href":"https:\/\/www.writerspeak.org\/index.php\/wp-json\/wp\/v2\/types\/page"}],"author":[{"embeddable":true,"href":"https:\/\/www.writerspeak.org\/index.php\/wp-json\/wp\/v2\/users\/3"}],"replies":[{"embeddable":true,"href":"https:\/\/www.writerspeak.org\/index.php\/wp-json\/wp\/v2\/comments?post=227"}],"version-history":[{"count":53,"href":"https:\/\/www.writerspeak.org\/index.php\/wp-json\/wp\/v2\/pages\/227\/revisions"}],"predecessor-version":[{"id":999,"href":"https:\/\/www.writerspeak.org\/index.php\/wp-json\/wp\/v2\/pages\/227\/revisions\/999"}],"wp:featuredmedia":[{"embeddable":true,"href":"https:\/\/www.writerspeak.org\/index.php\/wp-json\/wp\/v2\/media\/924"}],"wp:attachment":[{"href":"https:\/\/www.writerspeak.org\/index.php\/wp-json\/wp\/v2\/media?parent=227"}],"curies":[{"name":"wp","href":"https:\/\/api.w.org\/{rel}","templated":true}]}}