{"id":31,"date":"2024-06-24T18:47:12","date_gmt":"2024-06-24T18:47:12","guid":{"rendered":"https:\/\/mich.ahvmeene.com\/?page_id=31"},"modified":"2025-10-28T09:51:13","modified_gmt":"2025-10-28T09:51:13","slug":"short-stories","status":"publish","type":"page","link":"https:\/\/www.writerspeak.org\/index.php\/short-stories\/","title":{"rendered":"Short Stories"},"content":{"rendered":"\n<div class=\"wp-block-group is-vertical is-content-justification-stretch is-nowrap is-layout-flex wp-container-core-group-is-layout-94350bb8 wp-block-group-is-layout-flex\">\n<div class=\"wp-block-group is-style-default has-global-padding is-layout-constrained wp-block-group-is-layout-constrained\">\n<h2 class=\"wp-block-heading has-work-sans-regular-font-family\">SUSPENSE<\/h2>\n\n\n\n<div class=\"wp-block-columns is-layout-flex wp-container-core-columns-is-layout-28f84493 wp-block-columns-is-layout-flex\">\n<div class=\"wp-block-column is-layout-flow wp-block-column-is-layout-flow\">\n<figure class=\"wp-block-image size-full is-style-default\"><a href=\"https:\/\/www.writerspeak.org\/index.php\/2024\/06\/27\/we-act\/\"><img loading=\"lazy\" decoding=\"async\" width=\"1410\" height=\"2250\" src=\"https:\/\/writerspeak.org\/wp-content\/uploads\/2024\/07\/we-act.jpg\" alt=\"\" class=\"wp-image-197\"\/><\/a><\/figure>\n\n\n\n<p class=\"has-text-align-center\"><a href=\"https:\/\/writerspeak.org\/index.php\/2024\/06\/27\/we-act\/\" data-type=\"post\" data-id=\"120\"><strong>We Act<\/strong><\/a><\/p>\n<\/div>\n\n\n\n<div class=\"wp-block-column is-layout-flow wp-block-column-is-layout-flow\">\n<figure class=\"wp-block-image size-large\"><a href=\"https:\/\/www.writerspeak.org\/index.php\/2024\/06\/27\/the-hardest-thing-to-do\/\"><img loading=\"lazy\" decoding=\"async\" width=\"642\" height=\"1024\" src=\"https:\/\/writerspeak.org\/wp-content\/uploads\/2024\/07\/THE-HARDEST-642x1024.jpg\" alt=\"\" class=\"wp-image-199\" srcset=\"https:\/\/www.writerspeak.org\/wp-content\/uploads\/2024\/07\/THE-HARDEST-642x1024.jpg 642w, https:\/\/www.writerspeak.org\/wp-content\/uploads\/2024\/07\/THE-HARDEST-188x300.jpg 188w, https:\/\/www.writerspeak.org\/wp-content\/uploads\/2024\/07\/THE-HARDEST-768x1226.jpg 768w, https:\/\/www.writerspeak.org\/wp-content\/uploads\/2024\/07\/THE-HARDEST-963x1536.jpg 963w, https:\/\/www.writerspeak.org\/wp-content\/uploads\/2024\/07\/THE-HARDEST-1283x2048.jpg 1283w, https:\/\/www.writerspeak.org\/wp-content\/uploads\/2024\/07\/THE-HARDEST.jpg 1410w\" sizes=\"auto, (max-width: 642px) 100vw, 642px\" \/><\/a><\/figure>\n\n\n\n<p class=\"has-text-align-center\"><a href=\"https:\/\/writerspeak.org\/index.php\/2024\/06\/27\/the-hardest-thing-to-do\/\" data-type=\"post\" data-id=\"126\"><strong>The Hardest Thing To Do<\/strong><\/a><\/p>\n<\/div>\n\n\n\n<div class=\"wp-block-column is-layout-flow wp-block-column-is-layout-flow\">\n<figure class=\"wp-block-image size-full\"><a href=\"https:\/\/www.writerspeak.org\/index.php\/2024\/07\/16\/el-senor-garcia\/\"><img loading=\"lazy\" decoding=\"async\" width=\"1410\" height=\"2250\" src=\"https:\/\/www.writerspeak.org\/wp-content\/uploads\/2025\/10\/Garcia.png\" alt=\"\" class=\"wp-image-927\" srcset=\"https:\/\/www.writerspeak.org\/wp-content\/uploads\/2025\/10\/Garcia.png 1410w, https:\/\/www.writerspeak.org\/wp-content\/uploads\/2025\/10\/Garcia-188x300.png 188w, https:\/\/www.writerspeak.org\/wp-content\/uploads\/2025\/10\/Garcia-642x1024.png 642w, https:\/\/www.writerspeak.org\/wp-content\/uploads\/2025\/10\/Garcia-768x1226.png 768w, https:\/\/www.writerspeak.org\/wp-content\/uploads\/2025\/10\/Garcia-963x1536.png 963w, https:\/\/www.writerspeak.org\/wp-content\/uploads\/2025\/10\/Garcia-1283x2048.png 1283w\" sizes=\"auto, (max-width: 1410px) 100vw, 1410px\" \/><\/a><\/figure>\n\n\n\n<p class=\"has-text-align-center\"><a href=\"https:\/\/writerspeak.org\/index.php\/2024\/07\/16\/el-senor-garcia\/\" data-type=\"post\" data-id=\"211\"><strong>El Se\u00f1or Garc\u00eda<\/strong><\/a><\/p>\n<\/div>\n<\/div>\n<\/div>\n\n\n\n<div class=\"wp-block-columns is-layout-flex wp-container-core-columns-is-layout-28f84493 wp-block-columns-is-layout-flex\">\n<div class=\"wp-block-column is-layout-flow wp-block-column-is-layout-flow\">\n<figure class=\"wp-block-image size-large\"><a href=\"https:\/\/www.writerspeak.org\/index.php\/2024\/08\/07\/el-espejo-de-la-abuela\/\"><img loading=\"lazy\" decoding=\"async\" width=\"642\" height=\"1024\" src=\"https:\/\/www.writerspeak.org\/wp-content\/uploads\/2024\/08\/abuela-2-642x1024.jpg\" alt=\"\" class=\"wp-image-398\" srcset=\"https:\/\/www.writerspeak.org\/wp-content\/uploads\/2024\/08\/abuela-2-642x1024.jpg 642w, https:\/\/www.writerspeak.org\/wp-content\/uploads\/2024\/08\/abuela-2-188x300.jpg 188w, https:\/\/www.writerspeak.org\/wp-content\/uploads\/2024\/08\/abuela-2-768x1226.jpg 768w, https:\/\/www.writerspeak.org\/wp-content\/uploads\/2024\/08\/abuela-2-963x1536.jpg 963w, https:\/\/www.writerspeak.org\/wp-content\/uploads\/2024\/08\/abuela-2-1283x2048.jpg 1283w, https:\/\/www.writerspeak.org\/wp-content\/uploads\/2024\/08\/abuela-2.jpg 1410w\" sizes=\"auto, (max-width: 642px) 100vw, 642px\" \/><\/a><\/figure>\n\n\n\n<p class=\"has-text-align-center\"><a href=\"https:\/\/www.writerspeak.org\/index.php\/2024\/08\/07\/el-espejo-de-la-abuela\/\" data-type=\"post\" data-id=\"393\"><strong>El Espejo de la Abuela<\/strong><\/a><\/p>\n<\/div>\n\n\n\n<div class=\"wp-block-column is-layout-flow wp-block-column-is-layout-flow\">\n<figure class=\"wp-block-image size-large\"><a href=\"https:\/\/www.writerspeak.org\/index.php\/2024\/08\/10\/ojo-x-ojo\/\"><img loading=\"lazy\" decoding=\"async\" width=\"642\" height=\"1024\" src=\"https:\/\/www.writerspeak.org\/wp-content\/uploads\/2024\/08\/Ojo-x-Ojo-642x1024.jpg\" alt=\"\" class=\"wp-image-454\" srcset=\"https:\/\/www.writerspeak.org\/wp-content\/uploads\/2024\/08\/Ojo-x-Ojo-642x1024.jpg 642w, https:\/\/www.writerspeak.org\/wp-content\/uploads\/2024\/08\/Ojo-x-Ojo-188x300.jpg 188w, https:\/\/www.writerspeak.org\/wp-content\/uploads\/2024\/08\/Ojo-x-Ojo-768x1226.jpg 768w, https:\/\/www.writerspeak.org\/wp-content\/uploads\/2024\/08\/Ojo-x-Ojo-963x1536.jpg 963w, https:\/\/www.writerspeak.org\/wp-content\/uploads\/2024\/08\/Ojo-x-Ojo-1283x2048.jpg 1283w, https:\/\/www.writerspeak.org\/wp-content\/uploads\/2024\/08\/Ojo-x-Ojo.jpg 1410w\" sizes=\"auto, (max-width: 642px) 100vw, 642px\" \/><\/a><\/figure>\n\n\n\n<p class=\"has-text-align-center\"><a href=\"https:\/\/www.writerspeak.org\/index.php\/2024\/08\/10\/ojo-x-ojo\/\"><strong>Ojo x Ojo<\/strong><\/a><\/p>\n<\/div>\n\n\n\n<div class=\"wp-block-column is-layout-flow wp-block-column-is-layout-flow\"><\/div>\n<\/div>\n\n\n\n<hr class=\"wp-block-separator has-text-color has-alpha-channel-opacity has-background is-style-wide\" style=\"background-color:#dedede;color:#dedede\"\/>\n\n\n\n<div class=\"wp-block-group has-global-padding is-layout-constrained wp-block-group-is-layout-constrained\">\n<h2 class=\"wp-block-heading has-work-sans-regular-font-family\">DRAMA &amp; HISTORY<\/h2>\n\n\n\n<div class=\"wp-block-columns is-layout-flex wp-container-core-columns-is-layout-28f84493 wp-block-columns-is-layout-flex\">\n<div class=\"wp-block-column is-layout-flow wp-block-column-is-layout-flow\" style=\"flex-basis:100%\">\n<div class=\"wp-block-group has-global-padding is-layout-constrained wp-block-group-is-layout-constrained\">\n<div class=\"wp-block-columns is-layout-flex wp-container-core-columns-is-layout-28f84493 wp-block-columns-is-layout-flex\">\n<div class=\"wp-block-column is-layout-flow wp-block-column-is-layout-flow\">\n<figure class=\"wp-block-image size-full\"><img loading=\"lazy\" decoding=\"async\" width=\"1410\" height=\"2250\" src=\"https:\/\/www.writerspeak.org\/wp-content\/uploads\/2025\/10\/l.png\" alt=\"\" class=\"wp-image-931\" srcset=\"https:\/\/www.writerspeak.org\/wp-content\/uploads\/2025\/10\/l.png 1410w, https:\/\/www.writerspeak.org\/wp-content\/uploads\/2025\/10\/l-188x300.png 188w, https:\/\/www.writerspeak.org\/wp-content\/uploads\/2025\/10\/l-642x1024.png 642w, https:\/\/www.writerspeak.org\/wp-content\/uploads\/2025\/10\/l-768x1226.png 768w, https:\/\/www.writerspeak.org\/wp-content\/uploads\/2025\/10\/l-963x1536.png 963w, https:\/\/www.writerspeak.org\/wp-content\/uploads\/2025\/10\/l-1283x2048.png 1283w\" sizes=\"auto, (max-width: 1410px) 100vw, 1410px\" \/><\/figure>\n\n\n\n<p class=\"has-text-align-center\"><a href=\"https:\/\/writerspeak.org\/index.php\/2024\/06\/27\/her-name-was-olivia\/\" data-type=\"post\" data-id=\"160\"><strong>Olivia<\/strong><\/a><\/p>\n<\/div>\n\n\n\n<div class=\"wp-block-column is-layout-flow wp-block-column-is-layout-flow\">\n<figure class=\"wp-block-image size-large\"><a href=\"https:\/\/www.writerspeak.org\/index.php\/2024\/07\/20\/las-raices-del-cielo\/\"><img loading=\"lazy\" decoding=\"async\" width=\"642\" height=\"1024\" src=\"https:\/\/www.writerspeak.org\/wp-content\/uploads\/2024\/07\/cielo-642x1024.jpg\" alt=\"\" class=\"wp-image-279\" srcset=\"https:\/\/www.writerspeak.org\/wp-content\/uploads\/2024\/07\/cielo-642x1024.jpg 642w, https:\/\/www.writerspeak.org\/wp-content\/uploads\/2024\/07\/cielo-188x300.jpg 188w, https:\/\/www.writerspeak.org\/wp-content\/uploads\/2024\/07\/cielo-768x1226.jpg 768w, https:\/\/www.writerspeak.org\/wp-content\/uploads\/2024\/07\/cielo-963x1536.jpg 963w, https:\/\/www.writerspeak.org\/wp-content\/uploads\/2024\/07\/cielo-1283x2048.jpg 1283w, https:\/\/www.writerspeak.org\/wp-content\/uploads\/2024\/07\/cielo.jpg 1410w\" sizes=\"auto, (max-width: 642px) 100vw, 642px\" \/><\/a><\/figure>\n\n\n\n<p class=\"has-text-align-center\"><a href=\"https:\/\/writerspeak.org\/index.php\/2024\/07\/20\/las-raices-del-cielo\/\" data-type=\"post\" data-id=\"240\"><strong>Las Ra\u00edces del Cielo<\/strong><\/a><\/p>\n<\/div>\n\n\n\n<div class=\"wp-block-column is-layout-flow wp-block-column-is-layout-flow\">\n<figure class=\"wp-block-image size-full\"><a href=\"https:\/\/www.writerspeak.org\/index.php\/2025\/05\/03\/el-cielo-de-eden\/\"><img loading=\"lazy\" decoding=\"async\" width=\"1410\" height=\"2250\" src=\"https:\/\/www.writerspeak.org\/wp-content\/uploads\/2025\/05\/Eden-1.png\" alt=\"\" class=\"wp-image-806\" srcset=\"https:\/\/www.writerspeak.org\/wp-content\/uploads\/2025\/05\/Eden-1.png 1410w, https:\/\/www.writerspeak.org\/wp-content\/uploads\/2025\/05\/Eden-1-188x300.png 188w, https:\/\/www.writerspeak.org\/wp-content\/uploads\/2025\/05\/Eden-1-642x1024.png 642w, https:\/\/www.writerspeak.org\/wp-content\/uploads\/2025\/05\/Eden-1-768x1226.png 768w, https:\/\/www.writerspeak.org\/wp-content\/uploads\/2025\/05\/Eden-1-963x1536.png 963w, https:\/\/www.writerspeak.org\/wp-content\/uploads\/2025\/05\/Eden-1-1283x2048.png 1283w\" sizes=\"auto, (max-width: 1410px) 100vw, 1410px\" \/><\/a><\/figure>\n\n\n\n<p class=\"has-text-align-center\"><a href=\"https:\/\/www.writerspeak.org\/index.php\/2025\/05\/03\/el-cielo-de-eden\/\"><strong>El Cielo de Ed\u00e9n<\/strong><\/a><\/p>\n<\/div>\n<\/div>\n<\/div>\n<\/div>\n<\/div>\n<\/div>\n\n\n\n<div class=\"wp-block-group has-global-padding is-layout-constrained wp-block-group-is-layout-constrained\">\n<div class=\"wp-block-columns is-layout-flex wp-container-core-columns-is-layout-28f84493 wp-block-columns-is-layout-flex\">\n<div class=\"wp-block-column is-layout-flow wp-block-column-is-layout-flow\" style=\"flex-basis:100%\">\n<div class=\"wp-block-group has-global-padding is-layout-constrained wp-block-group-is-layout-constrained\">\n<div class=\"wp-block-columns is-layout-flex wp-container-core-columns-is-layout-28f84493 wp-block-columns-is-layout-flex\">\n<div class=\"wp-block-column is-layout-flow wp-block-column-is-layout-flow\">\n<figure class=\"wp-block-image size-large\"><a href=\"https:\/\/www.writerspeak.org\/index.php\/2025\/05\/08\/el-jojo-de-lecumberri\/\"><img loading=\"lazy\" decoding=\"async\" width=\"642\" height=\"1024\" src=\"https:\/\/www.writerspeak.org\/wp-content\/uploads\/2025\/05\/EJL-642x1024.png\" alt=\"\" class=\"wp-image-813\" srcset=\"https:\/\/www.writerspeak.org\/wp-content\/uploads\/2025\/05\/EJL-642x1024.png 642w, https:\/\/www.writerspeak.org\/wp-content\/uploads\/2025\/05\/EJL-188x300.png 188w, https:\/\/www.writerspeak.org\/wp-content\/uploads\/2025\/05\/EJL-768x1226.png 768w, https:\/\/www.writerspeak.org\/wp-content\/uploads\/2025\/05\/EJL-963x1536.png 963w, https:\/\/www.writerspeak.org\/wp-content\/uploads\/2025\/05\/EJL-1283x2048.png 1283w, https:\/\/www.writerspeak.org\/wp-content\/uploads\/2025\/05\/EJL.png 1410w\" sizes=\"auto, (max-width: 642px) 100vw, 642px\" \/><\/a><\/figure>\n\n\n\n<p class=\"has-text-align-center\"><a href=\"https:\/\/www.writerspeak.org\/index.php\/2025\/05\/08\/el-jojo-de-lecumberri\/\"><strong>El Joto de Lecumberri<\/strong><\/a><\/p>\n<\/div>\n\n\n\n<div class=\"wp-block-column is-layout-flow wp-block-column-is-layout-flow\">\n<figure class=\"wp-block-image size-large\"><a href=\"https:\/\/www.writerspeak.org\/index.php\/2024\/08\/10\/maribel\/\"><img loading=\"lazy\" decoding=\"async\" width=\"642\" height=\"1024\" src=\"https:\/\/www.writerspeak.org\/wp-content\/uploads\/2025\/04\/marybel-642x1024.png\" alt=\"\" class=\"wp-image-783\" srcset=\"https:\/\/www.writerspeak.org\/wp-content\/uploads\/2025\/04\/marybel-642x1024.png 642w, https:\/\/www.writerspeak.org\/wp-content\/uploads\/2025\/04\/marybel-188x300.png 188w, https:\/\/www.writerspeak.org\/wp-content\/uploads\/2025\/04\/marybel-768x1226.png 768w, https:\/\/www.writerspeak.org\/wp-content\/uploads\/2025\/04\/marybel-963x1536.png 963w, https:\/\/www.writerspeak.org\/wp-content\/uploads\/2025\/04\/marybel-1283x2048.png 1283w, https:\/\/www.writerspeak.org\/wp-content\/uploads\/2025\/04\/marybel.png 1410w\" sizes=\"auto, (max-width: 642px) 100vw, 642px\" \/><\/a><\/figure>\n\n\n\n<p class=\"has-text-align-center\"><a href=\"https:\/\/www.writerspeak.org\/index.php\/2024\/08\/10\/maribel\/\"><strong>Maribel<\/strong><\/a><\/p>\n<\/div>\n\n\n\n<div class=\"wp-block-column is-layout-flow wp-block-column-is-layout-flow\"><\/div>\n<\/div>\n<\/div>\n<\/div>\n<\/div>\n<\/div>\n\n\n\n<hr class=\"wp-block-separator has-text-color has-alpha-channel-opacity has-background is-style-wide\" style=\"background-color:#dedede;color:#dedede\"\/>\n\n\n\n<h2 class=\"wp-block-heading has-work-sans-regular-font-family\">FLASH NON-FICTION<\/h2>\n\n\n\n<div class=\"wp-block-columns is-layout-flex wp-container-core-columns-is-layout-28f84493 wp-block-columns-is-layout-flex\">\n<div class=\"wp-block-column is-layout-flow wp-block-column-is-layout-flow\">\n<figure class=\"wp-block-gallery has-nested-images columns-default is-cropped wp-block-gallery-1 is-layout-flex wp-block-gallery-is-layout-flex\">\n<figure class=\"wp-block-image size-large\"><a href=\"https:\/\/www.writerspeak.org\/index.php\/2024\/12\/20\/lame-lane\/\"><img loading=\"lazy\" decoding=\"async\" width=\"642\" height=\"1024\" data-id=\"781\" src=\"https:\/\/www.writerspeak.org\/wp-content\/uploads\/2025\/04\/lame-642x1024.png\" alt=\"\" class=\"wp-image-781\" srcset=\"https:\/\/www.writerspeak.org\/wp-content\/uploads\/2025\/04\/lame-642x1024.png 642w, https:\/\/www.writerspeak.org\/wp-content\/uploads\/2025\/04\/lame-188x300.png 188w, https:\/\/www.writerspeak.org\/wp-content\/uploads\/2025\/04\/lame-768x1226.png 768w, https:\/\/www.writerspeak.org\/wp-content\/uploads\/2025\/04\/lame-963x1536.png 963w, https:\/\/www.writerspeak.org\/wp-content\/uploads\/2025\/04\/lame-1283x2048.png 1283w, https:\/\/www.writerspeak.org\/wp-content\/uploads\/2025\/04\/lame.png 1410w\" sizes=\"auto, (max-width: 642px) 100vw, 642px\" \/><\/a><\/figure>\n<\/figure>\n\n\n\n<p class=\"has-text-align-center\"><a href=\"https:\/\/www.writerspeak.org\/index.php\/2024\/12\/20\/lame-lane\/\" data-type=\"post\" data-id=\"710\"><strong>Lame Lane<\/strong><\/a><\/p>\n<\/div>\n\n\n\n<div class=\"wp-block-column is-layout-flow wp-block-column-is-layout-flow\"><\/div>\n\n\n\n<div class=\"wp-block-column is-layout-flow wp-block-column-is-layout-flow\"><\/div>\n<\/div>\n\n\n\n<hr class=\"wp-block-separator has-text-color has-alpha-channel-opacity has-background is-style-wide\" style=\"background-color:#dedede;color:#dedede\"\/>\n\n\n\n<h2 class=\"wp-block-heading has-work-sans-regular-font-family\">ROMANCE<\/h2>\n\n\n\n<div class=\"wp-block-columns is-layout-flex wp-container-core-columns-is-layout-28f84493 wp-block-columns-is-layout-flex\">\n<div class=\"wp-block-column is-layout-flow wp-block-column-is-layout-flow\" style=\"flex-basis:100%\">\n<div class=\"wp-block-columns is-layout-flex wp-container-core-columns-is-layout-28f84493 wp-block-columns-is-layout-flex\">\n<div class=\"wp-block-column is-layout-flow wp-block-column-is-layout-flow\">\n<figure class=\"wp-block-image size-large\"><a href=\"https:\/\/www.writerspeak.org\/index.php\/2025\/02\/26\/oh-jessie\/\"><img loading=\"lazy\" decoding=\"async\" width=\"642\" height=\"1024\" src=\"https:\/\/www.writerspeak.org\/wp-content\/uploads\/2025\/04\/jessie-642x1024.png\" alt=\"\" class=\"wp-image-787\" srcset=\"https:\/\/www.writerspeak.org\/wp-content\/uploads\/2025\/04\/jessie-642x1024.png 642w, https:\/\/www.writerspeak.org\/wp-content\/uploads\/2025\/04\/jessie-188x300.png 188w, https:\/\/www.writerspeak.org\/wp-content\/uploads\/2025\/04\/jessie-768x1226.png 768w, https:\/\/www.writerspeak.org\/wp-content\/uploads\/2025\/04\/jessie-963x1536.png 963w, https:\/\/www.writerspeak.org\/wp-content\/uploads\/2025\/04\/jessie-1283x2048.png 1283w, https:\/\/www.writerspeak.org\/wp-content\/uploads\/2025\/04\/jessie.png 1410w\" sizes=\"auto, (max-width: 642px) 100vw, 642px\" \/><\/a><\/figure>\n\n\n\n<p class=\"has-text-align-center\"><a href=\"https:\/\/www.writerspeak.org\/index.php\/2025\/02\/26\/oh-jessie\/\" data-type=\"post\" data-id=\"737\"><strong>Oh, Jessie<\/strong><\/a><\/p>\n<\/div>\n\n\n\n<div class=\"wp-block-column is-layout-flow wp-block-column-is-layout-flow\"><\/div>\n\n\n\n<div class=\"wp-block-column is-layout-flow wp-block-column-is-layout-flow\"><\/div>\n<\/div>\n<\/div>\n<\/div>\n\n\n\n<hr class=\"wp-block-separator has-text-color has-alpha-channel-opacity has-background is-style-wide\" style=\"background-color:#dedede;color:#dedede\"\/>\n\n\n\n<div class=\"wp-block-group has-global-padding is-layout-constrained wp-block-group-is-layout-constrained\">\n<h2 class=\"wp-block-heading has-work-sans-regular-font-family\">FANTASY<\/h2>\n\n\n\n<div class=\"wp-block-columns is-layout-flex wp-container-core-columns-is-layout-28f84493 wp-block-columns-is-layout-flex\">\n<div class=\"wp-block-column is-layout-flow wp-block-column-is-layout-flow\">\n<figure class=\"wp-block-image size-large\"><a href=\"https:\/\/www.writerspeak.org\/index.php\/2024\/06\/27\/the-ticking\/\"><img loading=\"lazy\" decoding=\"async\" width=\"642\" height=\"1024\" src=\"https:\/\/www.writerspeak.org\/wp-content\/uploads\/2024\/08\/tiktok-642x1024.jpg\" alt=\"\" class=\"wp-image-442\" srcset=\"https:\/\/www.writerspeak.org\/wp-content\/uploads\/2024\/08\/tiktok-642x1024.jpg 642w, https:\/\/www.writerspeak.org\/wp-content\/uploads\/2024\/08\/tiktok-188x300.jpg 188w, https:\/\/www.writerspeak.org\/wp-content\/uploads\/2024\/08\/tiktok-768x1226.jpg 768w, https:\/\/www.writerspeak.org\/wp-content\/uploads\/2024\/08\/tiktok-963x1536.jpg 963w, https:\/\/www.writerspeak.org\/wp-content\/uploads\/2024\/08\/tiktok-1283x2048.jpg 1283w, https:\/\/www.writerspeak.org\/wp-content\/uploads\/2024\/08\/tiktok.jpg 1410w\" sizes=\"auto, (max-width: 642px) 100vw, 642px\" \/><\/a><\/figure>\n\n\n\n<p class=\"has-text-align-center\"><a href=\"https:\/\/writerspeak.org\/index.php\/2024\/06\/27\/the-ticking\/\" data-type=\"post\" data-id=\"113\"><strong>The Ticking<\/strong><\/a><\/p>\n<\/div>\n\n\n\n<div class=\"wp-block-column is-layout-flow wp-block-column-is-layout-flow\"><\/div>\n\n\n\n<div class=\"wp-block-column is-layout-flow wp-block-column-is-layout-flow\"><\/div>\n<\/div>\n<\/div>\n<\/div>\n","protected":false},"excerpt":{"rendered":"<p>SUSPENSE We Act The Hardest Thing To Do El Se\u00f1or Garc\u00eda El Espejo de la Abuela Ojo x Ojo DRAMA &amp; HISTORY Olivia Las Ra\u00edces del Cielo El Cielo de Ed\u00e9n El Joto de Lecumberri Maribel FLASH NON-FICTION Lame Lane ROMANCE Oh, Jessie FANTASY The Ticking<\/p>\n","protected":false},"author":3,"featured_media":931,"parent":0,"menu_order":0,"comment_status":"closed","ping_status":"closed","template":"","meta":{"footnotes":""},"class_list":["post-31","page","type-page","status-publish","has-post-thumbnail","hentry"],"_links":{"self":[{"href":"https:\/\/www.writerspeak.org\/index.php\/wp-json\/wp\/v2\/pages\/31","targetHints":{"allow":["GET"]}}],"collection":[{"href":"https:\/\/www.writerspeak.org\/index.php\/wp-json\/wp\/v2\/pages"}],"about":[{"href":"https:\/\/www.writerspeak.org\/index.php\/wp-json\/wp\/v2\/types\/page"}],"author":[{"embeddable":true,"href":"https:\/\/www.writerspeak.org\/index.php\/wp-json\/wp\/v2\/users\/3"}],"replies":[{"embeddable":true,"href":"https:\/\/www.writerspeak.org\/index.php\/wp-json\/wp\/v2\/comments?post=31"}],"version-history":[{"count":77,"href":"https:\/\/www.writerspeak.org\/index.php\/wp-json\/wp\/v2\/pages\/31\/revisions"}],"predecessor-version":[{"id":930,"href":"https:\/\/www.writerspeak.org\/index.php\/wp-json\/wp\/v2\/pages\/31\/revisions\/930"}],"wp:featuredmedia":[{"embeddable":true,"href":"https:\/\/www.writerspeak.org\/index.php\/wp-json\/wp\/v2\/media\/931"}],"wp:attachment":[{"href":"https:\/\/www.writerspeak.org\/index.php\/wp-json\/wp\/v2\/media?parent=31"}],"curies":[{"name":"wp","href":"https:\/\/api.w.org\/{rel}","templated":true}]}}