{"id":647,"date":"2024-09-02T10:31:48","date_gmt":"2024-09-02T10:31:48","guid":{"rendered":"https:\/\/www.writerspeak.org\/?page_id=647"},"modified":"2025-11-03T16:37:15","modified_gmt":"2025-11-03T16:37:15","slug":"by-others","status":"publish","type":"page","link":"https:\/\/www.writerspeak.org\/index.php\/other-texts\/by-others\/","title":{"rendered":"By Others"},"content":{"rendered":"\n<div class=\"wp-block-media-text is-stacked-on-mobile\"><figure class=\"wp-block-media-text__media\"><a href=\"https:\/\/www.writerspeak.org\/index.php\/2025\/11\/03\/narciso-en-su-esplendor\/\"><img loading=\"lazy\" decoding=\"async\" width=\"642\" height=\"1024\" src=\"https:\/\/www.writerspeak.org\/wp-content\/uploads\/2025\/11\/Narciso-1-642x1024.jpg\" alt=\"\" class=\"wp-image-947 size-full\" srcset=\"https:\/\/www.writerspeak.org\/wp-content\/uploads\/2025\/11\/Narciso-1-642x1024.jpg 642w, https:\/\/www.writerspeak.org\/wp-content\/uploads\/2025\/11\/Narciso-1-188x300.jpg 188w, https:\/\/www.writerspeak.org\/wp-content\/uploads\/2025\/11\/Narciso-1-768x1226.jpg 768w, https:\/\/www.writerspeak.org\/wp-content\/uploads\/2025\/11\/Narciso-1-963x1536.jpg 963w, https:\/\/www.writerspeak.org\/wp-content\/uploads\/2025\/11\/Narciso-1-1283x2048.jpg 1283w, https:\/\/www.writerspeak.org\/wp-content\/uploads\/2025\/11\/Narciso-1.jpg 1410w\" sizes=\"auto, (max-width: 642px) 100vw, 642px\" \/><\/a><\/figure><div class=\"wp-block-media-text__content\">\n<p><em style=\"white-space: normal;\">&#8220;La verg\u00fcenza tiene que cambiar de bando<\/em>&#8220;. Gis\u00e9le Pelicot.<\/p>\n\n\n\n<p>Mujeres mexicanas sumergidas en situaciones de violencia de g\u00e9nero alzan la voz y convierten sus testimonios llenos de dolor en micro relatos que buscan concientizar y sensibilizar a las personas, sobre los infiernos invisibilizados que viven d\u00eda con d\u00eda. <\/p>\n<\/div><\/div>\n\n\n\n<p><\/p>\n","protected":false},"excerpt":{"rendered":"<p>&#8220;La verg\u00fcenza tiene que cambiar de bando&#8220;. Gis\u00e9le Pelicot. Mujeres mexicanas sumergidas en situaciones de violencia de g\u00e9nero alzan la voz y convierten sus testimonios llenos de dolor en micro relatos que buscan concientizar y sensibilizar a las personas, sobre los infiernos invisibilizados que viven d\u00eda con d\u00eda.<\/p>\n","protected":false},"author":1,"featured_media":947,"parent":227,"menu_order":0,"comment_status":"closed","ping_status":"closed","template":"","meta":{"footnotes":""},"class_list":["post-647","page","type-page","status-publish","has-post-thumbnail","hentry"],"_links":{"self":[{"href":"https:\/\/www.writerspeak.org\/index.php\/wp-json\/wp\/v2\/pages\/647","targetHints":{"allow":["GET"]}}],"collection":[{"href":"https:\/\/www.writerspeak.org\/index.php\/wp-json\/wp\/v2\/pages"}],"about":[{"href":"https:\/\/www.writerspeak.org\/index.php\/wp-json\/wp\/v2\/types\/page"}],"author":[{"embeddable":true,"href":"https:\/\/www.writerspeak.org\/index.php\/wp-json\/wp\/v2\/users\/1"}],"replies":[{"embeddable":true,"href":"https:\/\/www.writerspeak.org\/index.php\/wp-json\/wp\/v2\/comments?post=647"}],"version-history":[{"count":5,"href":"https:\/\/www.writerspeak.org\/index.php\/wp-json\/wp\/v2\/pages\/647\/revisions"}],"predecessor-version":[{"id":954,"href":"https:\/\/www.writerspeak.org\/index.php\/wp-json\/wp\/v2\/pages\/647\/revisions\/954"}],"up":[{"embeddable":true,"href":"https:\/\/www.writerspeak.org\/index.php\/wp-json\/wp\/v2\/pages\/227"}],"wp:featuredmedia":[{"embeddable":true,"href":"https:\/\/www.writerspeak.org\/index.php\/wp-json\/wp\/v2\/media\/947"}],"wp:attachment":[{"href":"https:\/\/www.writerspeak.org\/index.php\/wp-json\/wp\/v2\/media?parent=647"}],"curies":[{"name":"wp","href":"https:\/\/api.w.org\/{rel}","templated":true}]}}