{"id":898,"date":"2025-09-12T06:34:54","date_gmt":"2025-09-12T06:34:54","guid":{"rendered":"https:\/\/www.writerspeak.org\/?page_id=898"},"modified":"2026-01-03T21:05:21","modified_gmt":"2026-01-03T21:05:21","slug":"el-viaje-de-roma-2","status":"publish","type":"page","link":"https:\/\/www.writerspeak.org\/index.php\/el-viaje-de-roma-2\/","title":{"rendered":"El Viaje de Roma"},"content":{"rendered":"\n<div class=\"wp-block-media-text is-stacked-on-mobile\" style=\"grid-template-columns:41% auto\"><figure class=\"wp-block-media-text__media\"><img loading=\"lazy\" decoding=\"async\" width=\"642\" height=\"1024\" src=\"https:\/\/www.writerspeak.org\/wp-content\/uploads\/2025\/09\/El-Viaje-de-Roma-1-642x1024.jpg\" alt=\"\" class=\"wp-image-899 size-full\" srcset=\"https:\/\/www.writerspeak.org\/wp-content\/uploads\/2025\/09\/El-Viaje-de-Roma-1-642x1024.jpg 642w, https:\/\/www.writerspeak.org\/wp-content\/uploads\/2025\/09\/El-Viaje-de-Roma-1-188x300.jpg 188w, https:\/\/www.writerspeak.org\/wp-content\/uploads\/2025\/09\/El-Viaje-de-Roma-1-768x1226.jpg 768w, https:\/\/www.writerspeak.org\/wp-content\/uploads\/2025\/09\/El-Viaje-de-Roma-1-963x1536.jpg 963w, https:\/\/www.writerspeak.org\/wp-content\/uploads\/2025\/09\/El-Viaje-de-Roma-1-1283x2048.jpg 1283w, https:\/\/www.writerspeak.org\/wp-content\/uploads\/2025\/09\/El-Viaje-de-Roma-1.jpg 1410w\" sizes=\"auto, (max-width: 642px) 100vw, 642px\" \/><\/figure><div class=\"wp-block-media-text__content\">\n<p style=\"font-size:12px\">Roma Cohen siempre fue experta en imaginar vidas ajenas, sin animarse nunca del todo a vivir la suya.&nbsp;<\/p>\n\n\n\n<p style=\"font-size:12px\">Dej\u00f3 su pa\u00eds para escapar de los fantasmas que la persegu\u00edan, buscando refugio en las calles de Barcelona, en un bar clandestino, en un buen libro\u2026 en cualquier rinc\u00f3n que le permitiera no enfrentarse a s\u00ed misma.<\/p>\n\n\n\n<p style=\"font-size:12px\">Pero el pasado no se olvida, y el miedo a no ser suficiente, a fallar, a no merecer el amor, se sigue escondido en cada p\u00e1gina que Roma intenta escribir. Cuando un extra\u00f1o irrumpe en su rutina con sus silencios inc\u00f3modos, cinismo y su forma brutalmente honesta de ver la vida, Roma se da cuenta de que es momento de enfrentar todo aquello de lo que se empe\u00f1a en huir.<\/p>\n\n\n\n<p style=\"font-size:12px\"><em>&#8220;El Viaje de Roma&#8221;<\/em>&nbsp;es una historia sobre las vueltas inesperadas de la vida, sobre perder el miedo a ser un caos y animarse a escribir tu propio destino, aunque nadie te garantice un final feliz.<\/p>\n\n\n\n<div class=\"wp-block-buttons is-layout-flex wp-block-buttons-is-layout-flex\" style=\"padding-top:var(--wp--preset--spacing--20);padding-bottom:var(--wp--preset--spacing--20)\">\n<div class=\"wp-block-button is-style-outline is-style-outline--1\"><a class=\"wp-block-button__link has-custom-font-size wp-element-button\" href=\"https:\/\/www.writerspeak.org\/wp-content\/uploads\/2026\/01\/El_Viaje_de_Roma.pdf\" style=\"font-size:14px\"><strong>PDF<\/strong><\/a><\/div>\n\n\n\n<div class=\"wp-block-button is-style-outline is-style-outline--2\"><a class=\"wp-block-button__link has-custom-font-size wp-element-button\" href=\"https:\/\/www.writerspeak.org\/wp-content\/uploads\/2026\/01\/El_Viaje_de_Roma.epub\" style=\"font-size:14px\"><strong>E-Book<\/strong><\/a><\/div>\n<\/div>\n<\/div><\/div>\n\n\n\n<p><\/p>\n","protected":false},"excerpt":{"rendered":"","protected":false},"author":3,"featured_media":906,"parent":0,"menu_order":0,"comment_status":"closed","ping_status":"closed","template":"","meta":{"footnotes":""},"class_list":["post-898","page","type-page","status-publish","has-post-thumbnail","hentry"],"_links":{"self":[{"href":"https:\/\/www.writerspeak.org\/index.php\/wp-json\/wp\/v2\/pages\/898","targetHints":{"allow":["GET"]}}],"collection":[{"href":"https:\/\/www.writerspeak.org\/index.php\/wp-json\/wp\/v2\/pages"}],"about":[{"href":"https:\/\/www.writerspeak.org\/index.php\/wp-json\/wp\/v2\/types\/page"}],"author":[{"embeddable":true,"href":"https:\/\/www.writerspeak.org\/index.php\/wp-json\/wp\/v2\/users\/3"}],"replies":[{"embeddable":true,"href":"https:\/\/www.writerspeak.org\/index.php\/wp-json\/wp\/v2\/comments?post=898"}],"version-history":[{"count":4,"href":"https:\/\/www.writerspeak.org\/index.php\/wp-json\/wp\/v2\/pages\/898\/revisions"}],"predecessor-version":[{"id":980,"href":"https:\/\/www.writerspeak.org\/index.php\/wp-json\/wp\/v2\/pages\/898\/revisions\/980"}],"wp:featuredmedia":[{"embeddable":true,"href":"https:\/\/www.writerspeak.org\/index.php\/wp-json\/wp\/v2\/media\/906"}],"wp:attachment":[{"href":"https:\/\/www.writerspeak.org\/index.php\/wp-json\/wp\/v2\/media?parent=898"}],"curies":[{"name":"wp","href":"https:\/\/api.w.org\/{rel}","templated":true}]}}